{"id":5592,"date":"2016-12-05T09:17:34","date_gmt":"2016-12-05T09:17:34","guid":{"rendered":"http:\/\/demo.wpzoom.com\/inspiro\/?page_id=5592"},"modified":"2023-11-04T21:07:34","modified_gmt":"2023-11-04T21:07:34","slug":"about","status":"publish","type":"page","link":"https:\/\/www.dvomo.hu\/?page_id=5592","title":{"rendered":"R\u00f3lunk"},"content":{"rendered":"\t\t<div data-elementor-type=\"wp-page\" data-elementor-id=\"5592\" class=\"elementor elementor-5592\">\n\t\t\t\t\t\t\t\t\t<section class=\"elementor-section elementor-top-section elementor-element elementor-element-4809f5de elementor-section-boxed elementor-section-height-default elementor-section-height-default\" data-id=\"4809f5de\" data-element_type=\"section\" data-settings=\"{&quot;background_background&quot;:&quot;classic&quot;,&quot;animation&quot;:&quot;none&quot;}\">\n\t\t\t\t\t\t<div class=\"elementor-container elementor-column-gap-custom\">\n\t\t\t\t\t<div class=\"elementor-column elementor-col-50 elementor-top-column elementor-element elementor-element-10bff1a7\" data-id=\"10bff1a7\" data-element_type=\"column\" data-settings=\"{&quot;animation&quot;:&quot;none&quot;}\">\n\t\t\t<div class=\"elementor-widget-wrap elementor-element-populated\">\n\t\t\t\t\t\t\t\t<div class=\"elementor-element elementor-element-8e2ebd7 elementor-widget elementor-widget-wpzoom-elementor-addons-team-members\" data-id=\"8e2ebd7\" data-element_type=\"widget\" data-settings=\"{&quot;_animation&quot;:&quot;none&quot;}\" data-widget_type=\"wpzoom-elementor-addons-team-members.default\">\n\t\t\t\t<div class=\"elementor-widget-container\">\n\t\t\t\n\t\t\t\t\t<figure class=\"wpz-member-figure\">\n\t\t\t\t<img decoding=\"async\" src=\"https:\/\/www.dvomo.hu\/wp-content\/uploads\/elementor\/thumbs\/IMG_5026-scaled-e1699124142728-qevmom83r69r60r7drjefbgxy2alherrvc9i7z6mq0.jpg\" title=\"\" alt=\"\" class=\"elementor-animation-disable-animation\" loading=\"lazy\" \/>\t\t\t<\/figure>\n\t\t\n\t\t<div class=\"wpz-member-body\">\n\t\t\t<h2 class=\"wpz-member-name\">Czak\u00f3 Krist\u00f3f<\/h2>\n\t\t\t\t\t\t\t<div class=\"wpz-member-position\">\u00e9p\u00edt\u0151m\u00e9rn\u00f6k <\/div>\n\t\t\t\n\t\t\t\t\t\t\t<div class=\"wpz-member-bio\">\n\t\t\t\t\t<p>A Budapesti M\u0171szaki \u00e9s Gazdas\u00e1gtudom\u00e1nyi Egyetem \u00c9p\u00edt\u0151m\u00e9rn\u00f6ki kar\u00e1n diplom\u00e1ztam magas\u00e9p\u00edt\u0151 szakir\u00e1nyon. Az egyetemen megszerzett elm\u00e9leti tud\u00e1st m\u00e1r a kezdetekt\u0151l fontosnak tartottam a gyakorlatban is kamatoztatni. Az \u00e9p\u00edt\u00e9s kivitelez\u00e9sben elt\u00f6lt\u00f6tt \u00e9vek sor\u00e1n soksz\u00edn\u0171 \u00e9s v\u00e1ltozatos volumen\u0171 projekteken volt lehet\u0151s\u00e9gem tapasztalatot szerezni. R\u00e9szt vettem t\u00f6bbek k\u00f6z\u00f6tt csal\u00e1di h\u00e1zak, t\u00e1rsash\u00e1zak, illetve hotel \u00e9p\u00edt\u00e9si \u00e9s fel\u00faj\u00edt\u00e1si munkafolyamataiban. M\u00e1r a kezdetekt\u0151l figyelemmel k\u00eds\u00e9rem az \u00e9p\u00edt\u0151iparban megjelen\u0151 \u00faj technol\u00f3gi\u00e1kat, amiket sz\u00edvesen alkalmazunk munk\u00e1ink sor\u00e1n. El\u00e9gedetts\u00e9ggel t\u00f6lt el, ahogy egy projekt a terveknek megfelel\u0151en fejl\u0151dik \u00e9s val\u00f3sul meg, \u00f6r\u00f6met okozva ezzel a megrendel\u0151nek.<\/p>\n\t\t\t\t<\/div>\n\t\t\t\n\t\t\t\n\t\t\t\n\t\t\t\t\t<\/div>\n\t\t\t\t<\/div>\n\t\t\t\t<\/div>\n\t\t\t\t\t<\/div>\n\t\t<\/div>\n\t\t\t\t<div class=\"elementor-column elementor-col-50 elementor-top-column elementor-element elementor-element-38ec6c8\" data-id=\"38ec6c8\" data-element_type=\"column\" data-settings=\"{&quot;animation&quot;:&quot;none&quot;}\">\n\t\t\t<div class=\"elementor-widget-wrap elementor-element-populated\">\n\t\t\t\t\t\t\t\t<div class=\"elementor-element elementor-element-4b9f7553 elementor-widget elementor-widget-wpzoom-elementor-addons-team-members\" data-id=\"4b9f7553\" data-element_type=\"widget\" data-settings=\"{&quot;_animation&quot;:&quot;none&quot;}\" data-widget_type=\"wpzoom-elementor-addons-team-members.default\">\n\t\t\t\t<div class=\"elementor-widget-container\">\n\t\t\t\n\t\t\t\t\t<figure class=\"wpz-member-figure\">\n\t\t\t\t<img decoding=\"async\" src=\"https:\/\/www.dvomo.hu\/wp-content\/uploads\/elementor\/thumbs\/IMG_5213-scaled-e1699124004590-qevml0idk1c6ntzmf7gvv87byw1xz6gtdi8hzsiyke.jpg\" title=\"\" alt=\"\" class=\"elementor-animation-disable-animation\" loading=\"lazy\" \/>\t\t\t<\/figure>\n\t\t\n\t\t<div class=\"wpz-member-body\">\n\t\t\t<h2 class=\"wpz-member-name\">Fazekas Barbara<\/h2>\n\t\t\t\t\t\t\t<div class=\"wpz-member-position\">Okleveles \u00e9p\u00edt\u0151m\u00e9rn\u00f6k | Lakberendez\u0151<\/div>\n\t\t\t\n\t\t\t\t\t\t\t<div class=\"wpz-member-bio\">\n\t\t\t\t\t<p>A Budapesti M\u0171szaki \u00e9s Gazdas\u00e1gtudom\u00e1nyi Egyetem \u00c9p\u00edt\u0151m\u00e9rn\u00f6k szak\u00e1n szereztem alap, majd mester diplom\u00e1t tart\u00f3szerkezetek szakir\u00e1nyon. Mindig is vonzott az \u00e9p\u00edt\u00e9szet, \u00f6r\u00f6mmel tanulm\u00e1nyoztam az impoz\u00e1ns \u00e9p\u00fcleteket \u00e9s az eszt\u00e9tikus bels\u0151 tereket. Munk\u00e1m sor\u00e1n \u00e9rt\u00e9kes tapasztalatot gy\u0171jt\u00f6ttem \u00e9p\u00edt\u00e9skivitelez\u00e9sben \u00e9s tervez\u00e9sben egyar\u00e1nt. Az \u00e9p\u00edt\u0151m\u00e9rn\u00f6ki tev\u00e9kenys\u00e9gem mellett azonban hi\u00e1nyzott valami plusz, egy hivat\u00e1s, amelyben a kreativit\u00e1som is teret kaphat, \u00edgy az utam a lakberendez\u00e9shez vezetett. A fel\u00faj\u00edt\u00e1s sor\u00e1n mag\u00e1val ragad az egyes lak\u00f3terek \u00fajj\u00e1sz\u00fclet\u00e9se, a sz\u00ednek, lak\u00e1stextilek, burkolatok \u00e9s b\u00fatorok \u00f6sszehangol\u00e1sa. Hiszek abban, hogy \u00e9letmin\u0151s\u00e9g\u00fcnket jelent\u0151s m\u00e9rt\u00e9kben befoly\u00e1solja otthonunk l\u00e9gk\u00f6re \u00e9s hangulata, ez\u00e1ltal kiemelked\u0151en fontosnak tartom, hogy az enteri\u0151r j\u00f3l \u00e1tgondolt, harmonikus \u00e9s az egy\u00e9nhez illeszked\u0151 legyen. Mindez egyszer\u0171 feladatnak t\u0171nik, de az eszt\u00e9tikus v\u00e9geredm\u00e9nyhez gondosan \u00f6sszev\u00e1logatott elemek sz\u00fcks\u00e9gesek, a burkolatt\u00f3l kezdve eg\u00e9szen a kieg\u00e9sz\u00edt\u0151kig.<\/p>\n\t\t\t\t<\/div>\n\t\t\t\n\t\t\t\n\t\t\t\n\t\t\t\t\t<\/div>\n\t\t\t\t<\/div>\n\t\t\t\t<\/div>\n\t\t\t\t\t<\/div>\n\t\t<\/div>\n\t\t\t\t\t\t\t<\/div>\n\t\t<\/section>\n\t\t\t\t\t\t\t<\/div>\n\t\t","protected":false},"excerpt":{"rendered":"<p>Czak\u00f3 Krist\u00f3f \u00e9p\u00edt\u0151m\u00e9rn\u00f6k A Budapesti M\u0171szaki \u00e9s Gazdas\u00e1gtudom\u00e1nyi Egyetem \u00c9p\u00edt\u0151m\u00e9rn\u00f6ki kar\u00e1n diplom\u00e1ztam magas\u00e9p\u00edt\u0151 szakir\u00e1nyon. Az egyetemen megszerzett elm\u00e9leti tud\u00e1st m\u00e1r a kezdetekt\u0151l fontosnak tartottam a gyakorlatban is kamatoztatni. Az \u00e9p\u00edt\u00e9s kivitelez\u00e9sben elt\u00f6lt\u00f6tt \u00e9vek sor\u00e1n soksz\u00edn\u0171 \u00e9s v\u00e1ltozatos volumen\u0171 projekteken volt lehet\u0151s\u00e9gem tapasztalatot szerezni. R\u00e9szt vettem t\u00f6bbek k\u00f6z\u00f6tt csal\u00e1di h\u00e1zak, t\u00e1rsash\u00e1zak, illetve hotel \u00e9p\u00edt\u00e9si \u00e9s fel\u00faj\u00edt\u00e1si &hellip; <\/p>\n<p class=\"link-more\"><a href=\"https:\/\/www.dvomo.hu\/?page_id=5592\" class=\"more-link\">Read more<span class=\"screen-reader-text\"> &#8222;R\u00f3lunk&#8221;<\/span><\/a><\/p>\n","protected":false},"author":1,"featured_media":0,"parent":0,"menu_order":0,"comment_status":"closed","ping_status":"closed","template":"page-templates\/full-width-builder-bb.php","meta":{"footnotes":""},"class_list":["post-5592","page","type-page","status-publish","hentry"],"aioseo_notices":[],"featured_media_urls":[],"_links":{"self":[{"href":"https:\/\/www.dvomo.hu\/index.php?rest_route=\/wp\/v2\/pages\/5592","targetHints":{"allow":["GET"]}}],"collection":[{"href":"https:\/\/www.dvomo.hu\/index.php?rest_route=\/wp\/v2\/pages"}],"about":[{"href":"https:\/\/www.dvomo.hu\/index.php?rest_route=\/wp\/v2\/types\/page"}],"author":[{"embeddable":true,"href":"https:\/\/www.dvomo.hu\/index.php?rest_route=\/wp\/v2\/users\/1"}],"replies":[{"embeddable":true,"href":"https:\/\/www.dvomo.hu\/index.php?rest_route=%2Fwp%2Fv2%2Fcomments&post=5592"}],"version-history":[{"count":73,"href":"https:\/\/www.dvomo.hu\/index.php?rest_route=\/wp\/v2\/pages\/5592\/revisions"}],"predecessor-version":[{"id":7169,"href":"https:\/\/www.dvomo.hu\/index.php?rest_route=\/wp\/v2\/pages\/5592\/revisions\/7169"}],"wp:attachment":[{"href":"https:\/\/www.dvomo.hu\/index.php?rest_route=%2Fwp%2Fv2%2Fmedia&parent=5592"}],"curies":[{"name":"wp","href":"https:\/\/api.w.org\/{rel}","templated":true}]}}