{"id":5574,"date":"2016-12-03T15:44:41","date_gmt":"2016-12-03T15:44:41","guid":{"rendered":"http:\/\/demo.wpzoom.com\/inspiro\/?page_id=5574"},"modified":"2023-11-04T21:10:24","modified_gmt":"2023-11-04T21:10:24","slug":"services","status":"publish","type":"page","link":"https:\/\/www.dvomo.hu\/?page_id=5574","title":{"rendered":"Tev\u00e9kenys\u00e9geink"},"content":{"rendered":"\t\t<div data-elementor-type=\"wp-page\" data-elementor-id=\"5574\" class=\"elementor elementor-5574\">\n\t\t\t\t\t\t\t\t\t<section class=\"elementor-section elementor-top-section elementor-element elementor-element-ae7ec6e elementor-section-full_width elementor-section-height-default elementor-section-height-default\" data-id=\"ae7ec6e\" data-element_type=\"section\" data-settings=\"{&quot;animation&quot;:&quot;none&quot;}\">\n\t\t\t\t\t\t<div class=\"elementor-container elementor-column-gap-default\">\n\t\t\t\t\t<div class=\"elementor-column elementor-col-33 elementor-top-column elementor-element elementor-element-b36714a\" data-id=\"b36714a\" data-element_type=\"column\" data-settings=\"{&quot;background_background&quot;:&quot;gradient&quot;,&quot;animation&quot;:&quot;none&quot;}\">\n\t\t\t<div class=\"elementor-widget-wrap elementor-element-populated\">\n\t\t\t\t\t\t\t\t<div class=\"elementor-element elementor-element-6067ed1 elementor-align-left elementor-icon-list--layout-traditional elementor-list-item-link-full_width elementor-widget elementor-widget-icon-list\" data-id=\"6067ed1\" data-element_type=\"widget\" data-settings=\"{&quot;_animation&quot;:&quot;none&quot;}\" data-widget_type=\"icon-list.default\">\n\t\t\t\t<div class=\"elementor-widget-container\">\n\t\t\t<link rel=\"stylesheet\" href=\"https:\/\/www.dvomo.hu\/wp-content\/plugins\/elementor\/assets\/css\/widget-icon-list.min.css\">\t\t<ul class=\"elementor-icon-list-items\">\n\t\t\t\t\t\t\t<li class=\"elementor-icon-list-item\">\n\t\t\t\t\t\t\t\t\t\t\t<span class=\"elementor-icon-list-icon\">\n\t\t\t\t\t\t\t<i aria-hidden=\"true\" class=\"fas fa-home\"><\/i>\t\t\t\t\t\t<\/span>\n\t\t\t\t\t\t\t\t\t\t<span class=\"elementor-icon-list-text\"><h4 data-elementor-setting-key=\"title\" data-pen-placeholder=\"Ide \u00edrj...\" style=\"font-size: 16px; font-weight: var( --e-global-typography-primary-font-weight ); font-family: var( --e-global-typography-primary-font-family ), Sans-serif;\">Ingatlan helysz\u00edni felm\u00e9r\u00e9s<\/h4><\/span>\n\t\t\t\t\t\t\t\t\t<\/li>\n\t\t\t\t\t\t<\/ul>\n\t\t\t\t<\/div>\n\t\t\t\t<\/div>\n\t\t\t\t<div class=\"elementor-element elementor-element-094b8d9 elementor-widget elementor-widget-text-editor\" data-id=\"094b8d9\" data-element_type=\"widget\" data-settings=\"{&quot;_animation&quot;:&quot;none&quot;}\" data-widget_type=\"text-editor.default\">\n\t\t\t\t<div class=\"elementor-widget-container\">\n\t\t\t<style>\/*! elementor - v3.12.2 - 23-04-2023 *\/\n.elementor-widget-text-editor.elementor-drop-cap-view-stacked .elementor-drop-cap{background-color:#69727d;color:#fff}.elementor-widget-text-editor.elementor-drop-cap-view-framed .elementor-drop-cap{color:#69727d;border:3px solid;background-color:transparent}.elementor-widget-text-editor:not(.elementor-drop-cap-view-default) .elementor-drop-cap{margin-top:8px}.elementor-widget-text-editor:not(.elementor-drop-cap-view-default) .elementor-drop-cap-letter{width:1em;height:1em}.elementor-widget-text-editor .elementor-drop-cap{float:left;text-align:center;line-height:1;font-size:50px}.elementor-widget-text-editor .elementor-drop-cap-letter{display:inline-block}<\/style>\t\t\t\t<ul><li data-elementor-setting-key=\"title\" data-pen-placeholder=\"Ide \u00edrj...\">ingatlan helysz\u00edni felm\u00e9r\u00e9st k\u00f6vet\u0151en a fel\u00faj\u00edt\u00e1shoz sz\u00fcks\u00e9ges anyagok kigy\u0171jt\u00e9se, t\u00e9teles \u00e1raj\u00e1nlat \u00f6ssze\u00e1ll\u00edt\u00e1sa, felm\u00e9r\u00e9si \u00e9s \u00e1talak\u00edt\u00e1si tervek k\u00e9sz\u00edt\u00e9se<\/li><li data-elementor-setting-key=\"title\" data-pen-placeholder=\"Ide \u00edrj...\">az ingatlan szakmai v\u00e9lem\u00e9nyez\u00e9se<\/li><li><span lang=\"HU\">az \u00e9p\u00edtm\u00e9nyben rejl\u0151<br \/>lehet\u0151s\u00e9gek felt\u00e1r\u00e1sa, r\u00e1vil\u00e1g\u00edt\u00e1s az esetleg kock\u00e1zatokra, seg\u00edts\u00e9get ny\u00fajtva<br \/>ezzel az ingatlanv\u00e1s\u00e1rl\u00e1s, fel\u00faj\u00edt\u00e1s el\u0151tt \u00e1ll\u00f3 \u00fcgyfeleinknek<\/span><\/li><\/ul>\t\t\t\t\t\t<\/div>\n\t\t\t\t<\/div>\n\t\t\t\t\t<\/div>\n\t\t<\/div>\n\t\t\t\t<div class=\"elementor-column elementor-col-33 elementor-top-column elementor-element elementor-element-b79a64c\" data-id=\"b79a64c\" data-element_type=\"column\" data-settings=\"{&quot;background_background&quot;:&quot;classic&quot;,&quot;animation&quot;:&quot;none&quot;}\">\n\t\t\t<div class=\"elementor-widget-wrap elementor-element-populated\">\n\t\t\t\t\t\t\t\t<div class=\"elementor-element elementor-element-2ad64f0 elementor-align-left elementor-icon-list--layout-traditional elementor-list-item-link-full_width elementor-widget elementor-widget-icon-list\" data-id=\"2ad64f0\" data-element_type=\"widget\" data-settings=\"{&quot;_animation&quot;:&quot;none&quot;}\" data-widget_type=\"icon-list.default\">\n\t\t\t\t<div class=\"elementor-widget-container\">\n\t\t\t\t\t<ul class=\"elementor-icon-list-items\">\n\t\t\t\t\t\t\t<li class=\"elementor-icon-list-item\">\n\t\t\t\t\t\t\t\t\t\t\t<span class=\"elementor-icon-list-icon\">\n\t\t\t\t\t\t\t<i aria-hidden=\"true\" class=\"fas fa-desktop\"><\/i>\t\t\t\t\t\t<\/span>\n\t\t\t\t\t\t\t\t\t\t<span class=\"elementor-icon-list-text\"><h4 data-elementor-setting-key=\"title\" data-pen-placeholder=\"Ide \u00edrj...\" style=\"font-size: 16px; font-weight: var( --e-global-typography-primary-font-weight ); font-family: var( --e-global-typography-primary-font-family ), Sans-serif;\">Lakberendez\u00e9si tan\u00e1csad\u00e1s<\/h4><\/span>\n\t\t\t\t\t\t\t\t\t<\/li>\n\t\t\t\t\t\t<\/ul>\n\t\t\t\t<\/div>\n\t\t\t\t<\/div>\n\t\t\t\t<div class=\"elementor-element elementor-element-f34192c elementor-widget elementor-widget-text-editor\" data-id=\"f34192c\" data-element_type=\"widget\" data-settings=\"{&quot;_animation&quot;:&quot;none&quot;}\" data-widget_type=\"text-editor.default\">\n\t\t\t\t<div class=\"elementor-widget-container\">\n\t\t\t\t\t\t\t<ul><li style=\"font-weight: 400;\" aria-level=\"1\"><span style=\"font-weight: 400;\">lakberendez\u00e9si tan\u00e1csad\u00e1s, tervek, 3D l\u00e1tv\u00e1nytervek k\u00e9sz\u00edt\u00e9se<\/span><\/li><li>seg\u00edts\u00e9gny\u00fajt\u00e1s helyis\u00e9gek \u00e1talak\u00edt\u00e1s\u00e1ban a legkedvez\u0151bb alaprajzi elrendez\u00e9s el\u00e9r\u00e9s\u00e9hez<\/li><li>hangulat\u00e1br\u00e1k (moodboardok) k\u00e9sz\u00edt\u00e9se az adott lakberendez\u00e9si st\u00edlus szeml\u00e9ltet\u00e9s\u00e9re<\/li><li>seg\u00edts\u00e9gny\u00fajt\u00e1s a burkolatok, falsz\u00ednek, lak\u00e1stextilek, b\u00fatorok, l\u00e1mp\u00e1k, szerelv\u00e9nyek \u00e9s egy\u00e9b kieg\u00e9sz\u00edt\u0151k kiv\u00e1laszt\u00e1s\u00e1ban<\/li><li>v\u00e1zlattervek k\u00e9sz\u00edt\u00e9se (bont\u00e1si \u00e9s \u00e9p\u00edt\u00e9si tervek, berendez\u00e9si tervek, burkolati tervek, faln\u00e9zetek, vil\u00e1g\u00edt\u00e1si tervek, v\u00e1zlatos l\u00e1tv\u00e1nytervek k\u00e9sz\u00edt\u00e9se)<\/li><li>a kivitelez\u00e9si munk\u00e1k sor\u00e1n folyamatos egyeztet\u00e9s, kapcsolattart\u00e1s<\/li><\/ul>\t\t\t\t\t\t<\/div>\n\t\t\t\t<\/div>\n\t\t\t\t\t<\/div>\n\t\t<\/div>\n\t\t\t\t<div class=\"elementor-column elementor-col-33 elementor-top-column elementor-element elementor-element-c186323\" data-id=\"c186323\" data-element_type=\"column\" data-settings=\"{&quot;background_background&quot;:&quot;classic&quot;,&quot;animation&quot;:&quot;none&quot;}\">\n\t\t\t<div class=\"elementor-widget-wrap elementor-element-populated\">\n\t\t\t\t\t\t\t\t<div class=\"elementor-element elementor-element-60ce33e elementor-icon-list--layout-traditional elementor-list-item-link-full_width elementor-widget elementor-widget-icon-list\" data-id=\"60ce33e\" data-element_type=\"widget\" data-settings=\"{&quot;_animation&quot;:&quot;none&quot;}\" data-widget_type=\"icon-list.default\">\n\t\t\t\t<div class=\"elementor-widget-container\">\n\t\t\t\t\t<ul class=\"elementor-icon-list-items\">\n\t\t\t\t\t\t\t<li class=\"elementor-icon-list-item\">\n\t\t\t\t\t\t\t\t\t\t\t<span class=\"elementor-icon-list-icon\">\n\t\t\t\t\t\t\t<i aria-hidden=\"true\" class=\"far fa-check-circle\"><\/i>\t\t\t\t\t\t<\/span>\n\t\t\t\t\t\t\t\t\t\t<span class=\"elementor-icon-list-text\"><b>Fel\u00faj\u00edt\u00e1si munk\u00e1latok teljesk\u00f6r\u0171 lebonyol\u00edt\u00e1sa<\/b><\/span>\n\t\t\t\t\t\t\t\t\t<\/li>\n\t\t\t\t\t\t<\/ul>\n\t\t\t\t<\/div>\n\t\t\t\t<\/div>\n\t\t\t\t<div class=\"elementor-element elementor-element-6dd4d32 elementor-widget elementor-widget-text-editor\" data-id=\"6dd4d32\" data-element_type=\"widget\" data-settings=\"{&quot;_animation&quot;:&quot;none&quot;}\" data-widget_type=\"text-editor.default\">\n\t\t\t\t<div class=\"elementor-widget-container\">\n\t\t\t\t\t\t\t<ul><li data-elementor-setting-key=\"title\" data-pen-placeholder=\"Ide \u00edrj...\"><span style=\"font-weight: 400;\">fel\u00faj\u00edt\u00e1si \u00e9s \u00e1talak\u00edt\u00e1si munk\u00e1latok teljesk\u00f6r\u0171 lebonyol\u00edt\u00e1sa a szak\u00e1gi munkafolyamatok \u00f6sszefog\u00e1s\u00e1val \u00e9s \u00f6sszehangol\u00e1s\u00e1val<\/span><\/li><li>bont\u00e1s<\/li><li>k\u0151m\u0171ves munk\u00e1k<\/li><li>hideg \u00e9s melegburkol\u00e1s<\/li><li>sz\u00e1raz\u00e9p\u00edt\u00e9si, gipszkartonos munk\u00e1k<\/li><li>fest\u00e9s, m\u00e1zol\u00e1s, tap\u00e9t\u00e1z\u00e1s<\/li><li>bels\u0151 ny\u00edl\u00e1sz\u00e1r\u00f3 be\u00e9p\u00edt\u00e9s<\/li><li>dekorelemek,berendez\u00e9si t\u00e1rgyak install\u00e1l\u00e1sa<\/li><li>a projektekhez tartoz\u00f3 \u00e9p\u00fcletvillamoss\u00e1gi \u00e9s \u00e9p\u00fcletg\u00e9p\u00e9szeti munk\u00e1ka<\/li><\/ul>\t\t\t\t\t\t<\/div>\n\t\t\t\t<\/div>\n\t\t\t\t\t<\/div>\n\t\t<\/div>\n\t\t\t\t\t\t\t<\/div>\n\t\t<\/section>\n\t\t\t\t\t\t\t<\/div>\n\t\t","protected":false},"excerpt":{"rendered":"<p>Ingatlan helysz\u00edni felm\u00e9r\u00e9s ingatlan helysz\u00edni felm\u00e9r\u00e9st k\u00f6vet\u0151en a fel\u00faj\u00edt\u00e1shoz sz\u00fcks\u00e9ges anyagok kigy\u0171jt\u00e9se, t\u00e9teles \u00e1raj\u00e1nlat \u00f6ssze\u00e1ll\u00edt\u00e1sa, felm\u00e9r\u00e9si \u00e9s \u00e1talak\u00edt\u00e1si tervek k\u00e9sz\u00edt\u00e9se az ingatlan szakmai v\u00e9lem\u00e9nyez\u00e9se az \u00e9p\u00edtm\u00e9nyben rejl\u0151lehet\u0151s\u00e9gek felt\u00e1r\u00e1sa, r\u00e1vil\u00e1g\u00edt\u00e1s az esetleg kock\u00e1zatokra, seg\u00edts\u00e9get ny\u00fajtvaezzel az ingatlanv\u00e1s\u00e1rl\u00e1s, fel\u00faj\u00edt\u00e1s el\u0151tt \u00e1ll\u00f3 \u00fcgyfeleinknek Lakberendez\u00e9si tan\u00e1csad\u00e1s lakberendez\u00e9si tan\u00e1csad\u00e1s, tervek, 3D l\u00e1tv\u00e1nytervek k\u00e9sz\u00edt\u00e9se seg\u00edts\u00e9gny\u00fajt\u00e1s helyis\u00e9gek \u00e1talak\u00edt\u00e1s\u00e1ban a legkedvez\u0151bb alaprajzi elrendez\u00e9s &hellip; <\/p>\n<p class=\"link-more\"><a href=\"https:\/\/www.dvomo.hu\/?page_id=5574\" class=\"more-link\">Read more<span class=\"screen-reader-text\"> &#8222;Tev\u00e9kenys\u00e9geink&#8221;<\/span><\/a><\/p>\n","protected":false},"author":1,"featured_media":0,"parent":0,"menu_order":0,"comment_status":"closed","ping_status":"closed","template":"page-templates\/full-width-builder-bb.php","meta":{"footnotes":""},"class_list":["post-5574","page","type-page","status-publish","hentry"],"aioseo_notices":[],"featured_media_urls":[],"_links":{"self":[{"href":"https:\/\/www.dvomo.hu\/index.php?rest_route=\/wp\/v2\/pages\/5574","targetHints":{"allow":["GET"]}}],"collection":[{"href":"https:\/\/www.dvomo.hu\/index.php?rest_route=\/wp\/v2\/pages"}],"about":[{"href":"https:\/\/www.dvomo.hu\/index.php?rest_route=\/wp\/v2\/types\/page"}],"author":[{"embeddable":true,"href":"https:\/\/www.dvomo.hu\/index.php?rest_route=\/wp\/v2\/users\/1"}],"replies":[{"embeddable":true,"href":"https:\/\/www.dvomo.hu\/index.php?rest_route=%2Fwp%2Fv2%2Fcomments&post=5574"}],"version-history":[{"count":109,"href":"https:\/\/www.dvomo.hu\/index.php?rest_route=\/wp\/v2\/pages\/5574\/revisions"}],"predecessor-version":[{"id":7175,"href":"https:\/\/www.dvomo.hu\/index.php?rest_route=\/wp\/v2\/pages\/5574\/revisions\/7175"}],"wp:attachment":[{"href":"https:\/\/www.dvomo.hu\/index.php?rest_route=%2Fwp%2Fv2%2Fmedia&parent=5574"}],"curies":[{"name":"wp","href":"https:\/\/api.w.org\/{rel}","templated":true}]}}