{"id":5550,"date":"2016-12-03T15:08:37","date_gmt":"2016-12-03T15:08:37","guid":{"rendered":"http:\/\/demo.wpzoom.com\/inspiro\/?page_id=5550"},"modified":"2023-11-04T20:25:24","modified_gmt":"2023-11-04T20:25:24","slug":"homepage-2","status":"publish","type":"page","link":"https:\/\/www.dvomo.hu\/","title":{"rendered":"Homepage"},"content":{"rendered":"\t\t<div data-elementor-type=\"wp-page\" data-elementor-id=\"5550\" class=\"elementor elementor-5550\">\n\t\t\t\t\t\t\t\t\t<section class=\"elementor-section elementor-top-section elementor-element elementor-element-f2ff528 elementor-section-boxed elementor-section-height-default elementor-section-height-default\" data-id=\"f2ff528\" data-element_type=\"section\" data-settings=\"{&quot;animation&quot;:&quot;none&quot;}\">\n\t\t\t\t\t\t<div class=\"elementor-container elementor-column-gap-no\">\n\t\t\t\t\t<div class=\"elementor-column elementor-col-100 elementor-top-column elementor-element elementor-element-3ed392a8\" data-id=\"3ed392a8\" data-element_type=\"column\" data-settings=\"{&quot;animation&quot;:&quot;none&quot;}\">\n\t\t\t<div class=\"elementor-widget-wrap elementor-element-populated\">\n\t\t\t\t\t\t\t\t<div class=\"elementor-element elementor-element-50190c1e elementor-widget elementor-widget-heading\" data-id=\"50190c1e\" data-element_type=\"widget\" data-widget_type=\"heading.default\">\n\t\t\t\t<div class=\"elementor-widget-container\">\n\t\t\t<style>\/*! elementor - v3.12.2 - 23-04-2023 *\/\n.elementor-heading-title{padding:0;margin:0;line-height:1}.elementor-widget-heading .elementor-heading-title[class*=elementor-size-]>a{color:inherit;font-size:inherit;line-height:inherit}.elementor-widget-heading .elementor-heading-title.elementor-size-small{font-size:15px}.elementor-widget-heading .elementor-heading-title.elementor-size-medium{font-size:19px}.elementor-widget-heading .elementor-heading-title.elementor-size-large{font-size:29px}.elementor-widget-heading .elementor-heading-title.elementor-size-xl{font-size:39px}.elementor-widget-heading .elementor-heading-title.elementor-size-xxl{font-size:59px}<\/style><h2 class=\"elementor-heading-title elementor-size-default\">Bemutatkoz\u00e1s<\/h2>\t\t<\/div>\n\t\t\t\t<\/div>\n\t\t\t\t<section class=\"elementor-section elementor-inner-section elementor-element elementor-element-ce26f75 elementor-section-boxed elementor-section-height-default elementor-section-height-default\" data-id=\"ce26f75\" data-element_type=\"section\">\n\t\t\t\t\t\t<div class=\"elementor-container elementor-column-gap-default\">\n\t\t\t\t\t<div class=\"elementor-column elementor-col-66 elementor-inner-column elementor-element elementor-element-17fac82\" data-id=\"17fac82\" data-element_type=\"column\" data-settings=\"{&quot;animation&quot;:&quot;none&quot;}\">\n\t\t\t<div class=\"elementor-widget-wrap elementor-element-populated\">\n\t\t\t\t\t\t\t\t<div class=\"elementor-element elementor-element-534e4aa elementor-widget__width-initial elementor-widget elementor-widget-text-editor\" data-id=\"534e4aa\" data-element_type=\"widget\" data-settings=\"{&quot;_animation&quot;:&quot;none&quot;}\" data-widget_type=\"text-editor.default\">\n\t\t\t\t<div class=\"elementor-widget-container\">\n\t\t\t<style>\/*! elementor - v3.12.2 - 23-04-2023 *\/\n.elementor-widget-text-editor.elementor-drop-cap-view-stacked .elementor-drop-cap{background-color:#69727d;color:#fff}.elementor-widget-text-editor.elementor-drop-cap-view-framed .elementor-drop-cap{color:#69727d;border:3px solid;background-color:transparent}.elementor-widget-text-editor:not(.elementor-drop-cap-view-default) .elementor-drop-cap{margin-top:8px}.elementor-widget-text-editor:not(.elementor-drop-cap-view-default) .elementor-drop-cap-letter{width:1em;height:1em}.elementor-widget-text-editor .elementor-drop-cap{float:left;text-align:center;line-height:1;font-size:50px}.elementor-widget-text-editor .elementor-drop-cap-letter{display:inline-block}<\/style>\t\t\t\t<p><span style=\"color: var( --e-global-color-text ); font-family: var( --e-global-typography-text-font-family ), Sans-serif; font-weight: var( --e-global-typography-text-font-weight );\">C\u00e9lkit\u0171z\u00e9s\u00fcnk, hogy megl\u00e9v\u0151 \u00e9s leend\u0151 projektjeinket a legmagasabb min\u0151s\u00e9gben \u00e9s legjobb m\u0171szaki tartalom mellett val\u00f3s\u00edtsuk meg. Lak\u00e1sfel\u00faj\u00edt\u00e1s, \u00e1talak\u00edt\u00e1s sor\u00e1n a megrendel\u0151i ig\u00e9nyek felm\u00e9r\u00e9s\u00e9t k\u00f6vet\u0151en v\u00e1llaljuk lak\u00e1sok, otthonok lakberendez\u00e9s\u00e9t, valamint a teljes kivitelez\u00e9si munk\u00e1latok lebonyol\u00edt\u00e1s\u00e1t \u00e9s az egyes munkafolyamatok \u00f6sszehangol\u00e1s\u00e1t, \u00f6sszefog\u00e1s\u00e1t, ig\u00e9ny eset\u00e9n alv\u00e1llalkoz\u00f3k bevon\u00e1s\u00e1val. Megb\u00edz\u00f3ink ez\u00e1ltal egy k\u00e9zben tudhatj\u00e1k a teljes fel\u00faj\u00edt\u00e1s \u00e9s \u00e1talak\u00edt\u00e1s folyamat\u00e1t: a felm\u00e9r\u00e9st, tervez\u00e9st \u00e9s kivitelez\u00e9st.<\/span><br><\/p>\n<p>Az ingatlanv\u00e1s\u00e1rl\u00e1st megel\u0151z\u0151en is van lehet\u0151s\u00e9g helysz\u00edni bej\u00e1r\u00e1st \u00e9s \u00e9p\u00edtm\u00e9ny felm\u00e9r\u00e9st k\u00f6vet\u0151 m\u0171szaki tan\u00e1csad\u00e1sra.<\/p>\n<p>Fel\u00faj\u00edt\u00e1si \u00e9s lakberendez\u00e9si megb\u00edz\u00e1sokat, tov\u00e1bb\u00e1 ingatlanv\u00e1s\u00e1rl\u00e1s el\u0151tti \u00e1llapotfelm\u00e9r\u00e9st egym\u00e1st\u0151l f\u00fcggetlen\u00fcl, k\u00fcl\u00f6n-k\u00fcl\u00f6n is v\u00e1llalunk.<\/p>\t\t\t\t\t\t<\/div>\n\t\t\t\t<\/div>\n\t\t\t\t\t<\/div>\n\t\t<\/div>\n\t\t\t\t<div class=\"elementor-column elementor-col-33 elementor-inner-column elementor-element elementor-element-e808838\" data-id=\"e808838\" data-element_type=\"column\">\n\t\t\t<div class=\"elementor-widget-wrap elementor-element-populated\">\n\t\t\t\t\t\t\t\t<div class=\"elementor-element elementor-element-9b8d9a3 elementor-widget__width-initial elementor-widget elementor-widget-image\" data-id=\"9b8d9a3\" data-element_type=\"widget\" data-settings=\"{&quot;_animation&quot;:&quot;none&quot;}\" data-widget_type=\"image.default\">\n\t\t\t\t<div class=\"elementor-widget-container\">\n\t\t\t<style>\/*! elementor - v3.12.2 - 23-04-2023 *\/\n.elementor-widget-image{text-align:center}.elementor-widget-image a{display:inline-block}.elementor-widget-image a img[src$=\".svg\"]{width:48px}.elementor-widget-image img{vertical-align:middle;display:inline-block}<\/style>\t\t\t\t\t\t\t\t\t\t\t\t<img loading=\"lazy\" decoding=\"async\" width=\"1707\" height=\"2560\" src=\"https:\/\/www.dvomo.hu\/wp-content\/uploads\/2023\/11\/IMG_5289-scaled.jpg\" class=\"attachment-full size-full wp-image-7091\" alt=\"\" srcset=\"https:\/\/www.dvomo.hu\/wp-content\/uploads\/2023\/11\/IMG_5289-scaled.jpg 1707w, https:\/\/www.dvomo.hu\/wp-content\/uploads\/2023\/11\/IMG_5289-200x300.jpg 200w, https:\/\/www.dvomo.hu\/wp-content\/uploads\/2023\/11\/IMG_5289-683x1024.jpg 683w, https:\/\/www.dvomo.hu\/wp-content\/uploads\/2023\/11\/IMG_5289-768x1152.jpg 768w, https:\/\/www.dvomo.hu\/wp-content\/uploads\/2023\/11\/IMG_5289-1024x1536.jpg 1024w, https:\/\/www.dvomo.hu\/wp-content\/uploads\/2023\/11\/IMG_5289-1365x2048.jpg 1365w, https:\/\/www.dvomo.hu\/wp-content\/uploads\/2023\/11\/IMG_5289-2000x3000.jpg 2000w, https:\/\/www.dvomo.hu\/wp-content\/uploads\/2023\/11\/IMG_5289-600x900.jpg 600w\" sizes=\"auto, 100vw\" \/>\t\t\t\t\t\t\t\t\t\t\t\t\t\t\t<\/div>\n\t\t\t\t<\/div>\n\t\t\t\t\t<\/div>\n\t\t<\/div>\n\t\t\t\t\t\t\t<\/div>\n\t\t<\/section>\n\t\t\t\t\t<\/div>\n\t\t<\/div>\n\t\t\t\t\t\t\t<\/div>\n\t\t<\/section>\n\t\t\t\t<section class=\"elementor-section elementor-top-section elementor-element elementor-element-e9b504e elementor-section-boxed elementor-section-height-default elementor-section-height-default\" data-id=\"e9b504e\" data-element_type=\"section\">\n\t\t\t\t\t\t<div class=\"elementor-container elementor-column-gap-default\">\n\t\t\t\t\t<div class=\"elementor-column elementor-col-100 elementor-top-column elementor-element elementor-element-ae6f090\" data-id=\"ae6f090\" data-element_type=\"column\">\n\t\t\t<div class=\"elementor-widget-wrap\">\n\t\t\t\t\t\t\t\t\t<\/div>\n\t\t<\/div>\n\t\t\t\t\t\t\t<\/div>\n\t\t<\/section>\n\t\t\t\t\t\t\t<\/div>\n\t\t","protected":false},"excerpt":{"rendered":"<p>Bemutatkoz\u00e1s C\u00e9lkit\u0171z\u00e9s\u00fcnk, hogy megl\u00e9v\u0151 \u00e9s leend\u0151 projektjeinket a legmagasabb min\u0151s\u00e9gben \u00e9s legjobb m\u0171szaki tartalom mellett val\u00f3s\u00edtsuk meg. Lak\u00e1sfel\u00faj\u00edt\u00e1s, \u00e1talak\u00edt\u00e1s sor\u00e1n a megrendel\u0151i ig\u00e9nyek felm\u00e9r\u00e9s\u00e9t k\u00f6vet\u0151en v\u00e1llaljuk lak\u00e1sok, otthonok lakberendez\u00e9s\u00e9t, valamint a teljes kivitelez\u00e9si munk\u00e1latok lebonyol\u00edt\u00e1s\u00e1t \u00e9s az egyes munkafolyamatok \u00f6sszehangol\u00e1s\u00e1t, \u00f6sszefog\u00e1s\u00e1t, ig\u00e9ny eset\u00e9n alv\u00e1llalkoz\u00f3k bevon\u00e1s\u00e1val. Megb\u00edz\u00f3ink ez\u00e1ltal egy k\u00e9zben tudhatj\u00e1k a teljes fel\u00faj\u00edt\u00e1s \u00e9s \u00e1talak\u00edt\u00e1s &hellip; <\/p>\n<p class=\"link-more\"><a href=\"https:\/\/www.dvomo.hu\/\" class=\"more-link\">Read more<span class=\"screen-reader-text\"> &#8222;Homepage&#8221;<\/span><\/a><\/p>\n","protected":false},"author":1,"featured_media":0,"parent":0,"menu_order":0,"comment_status":"closed","ping_status":"closed","template":"page-templates\/homepage-builder-bb.php","meta":{"footnotes":""},"class_list":["post-5550","page","type-page","status-publish","hentry"],"aioseo_notices":[],"featured_media_urls":[],"_links":{"self":[{"href":"https:\/\/www.dvomo.hu\/index.php?rest_route=\/wp\/v2\/pages\/5550","targetHints":{"allow":["GET"]}}],"collection":[{"href":"https:\/\/www.dvomo.hu\/index.php?rest_route=\/wp\/v2\/pages"}],"about":[{"href":"https:\/\/www.dvomo.hu\/index.php?rest_route=\/wp\/v2\/types\/page"}],"author":[{"embeddable":true,"href":"https:\/\/www.dvomo.hu\/index.php?rest_route=\/wp\/v2\/users\/1"}],"replies":[{"embeddable":true,"href":"https:\/\/www.dvomo.hu\/index.php?rest_route=%2Fwp%2Fv2%2Fcomments&post=5550"}],"version-history":[{"count":108,"href":"https:\/\/www.dvomo.hu\/index.php?rest_route=\/wp\/v2\/pages\/5550\/revisions"}],"predecessor-version":[{"id":7191,"href":"https:\/\/www.dvomo.hu\/index.php?rest_route=\/wp\/v2\/pages\/5550\/revisions\/7191"}],"wp:attachment":[{"href":"https:\/\/www.dvomo.hu\/index.php?rest_route=%2Fwp%2Fv2%2Fmedia&parent=5550"}],"curies":[{"name":"wp","href":"https:\/\/api.w.org\/{rel}","templated":true}]}}